{"id":139,"date":"2017-03-01T10:00:46","date_gmt":"2017-03-01T09:00:46","guid":{"rendered":"http:\/\/spaceadvert.com\/site\/about\/"},"modified":"2023-03-09T23:56:15","modified_gmt":"2023-03-09T22:56:15","slug":"about","status":"publish","type":"page","link":"https:\/\/spaceadvert.com\/site\/about\/","title":{"rendered":"About"},"content":{"rendered":"<p>Spaceadvert \u00e8 il sito n. 1 dal 2017 per guadagnare senza intermediari con i propri spazi pubblicitari e offre alle imprese la possibilit\u00e0 di trovare rapidamente e in loco spazi pubblicitari disponibili. Il nostro obbiettivo \u00e8 offrire un servizio online semplice e vantaggioso. La possibilit\u00e0 di guadagno con Spaceadvert \u00e8 alla portata di tutti e le imprese possono esporre pubblicit\u00e0 nella forma a loro pi\u00f9 conveniente. La nostra piattaforma \u00e8 stata creata per essere intuitiva ed efficace e si presta ad un\u2019offerta di spazi pubblicitari ampia e di facile consultazione.<\/p>\n","protected":false},"excerpt":{"rendered":"Spaceadvert \u00e8 il sito n. 1 dal 2017 per guadagnare senza intermediari con i propri spazi pubblicitari e offre alle imprese la possibilit\u00e0 di trovare rapidamente e in loco spazi pubblicitari disponibili. Il nostro obbiettivo \u00e8 offrire un servizio online semplice e vantaggioso. La possibilit\u00e0 di guadagno con Spaceadvert \u00e8 alla portata di tutti e&#8230; <a class=\"view-article\" href=\"https:\/\/spaceadvert.com\/site\/about\/\">Mostra articolo<\/a>","protected":false},"author":1,"featured_media":0,"parent":0,"menu_order":0,"comment_status":"closed","ping_status":"closed","template":"","meta":[],"acf":[],"_links":{"self":[{"href":"https:\/\/spaceadvert.com\/site\/wp-json\/wp\/v2\/pages\/139"}],"collection":[{"href":"https:\/\/spaceadvert.com\/site\/wp-json\/wp\/v2\/pages"}],"about":[{"href":"https:\/\/spaceadvert.com\/site\/wp-json\/wp\/v2\/types\/page"}],"author":[{"embeddable":true,"href":"https:\/\/spaceadvert.com\/site\/wp-json\/wp\/v2\/users\/1"}],"replies":[{"embeddable":true,"href":"https:\/\/spaceadvert.com\/site\/wp-json\/wp\/v2\/comments?post=139"}],"version-history":[{"count":3,"href":"https:\/\/spaceadvert.com\/site\/wp-json\/wp\/v2\/pages\/139\/revisions"}],"predecessor-version":[{"id":559,"href":"https:\/\/spaceadvert.com\/site\/wp-json\/wp\/v2\/pages\/139\/revisions\/559"}],"wp:attachment":[{"href":"https:\/\/spaceadvert.com\/site\/wp-json\/wp\/v2\/media?parent=139"}],"curies":[{"name":"wp","href":"https:\/\/api.w.org\/{rel}","templated":true}]}}