{"id":82,"date":"2017-03-01T10:02:37","date_gmt":"2017-03-01T09:02:37","guid":{"rendered":"http:\/\/spaceadvert.com\/site\/?page_id=82"},"modified":"2017-03-28T10:34:12","modified_gmt":"2017-03-28T08:34:12","slug":"condizioni","status":"publish","type":"page","link":"https:\/\/spaceadvert.com\/site\/condizioni\/","title":{"rendered":"Condizioni"},"content":{"rendered":"<h3>TERMINI E CONDIZIONI<\/h3>\n<h3>1. Rapporto contrattuale<\/h3>\n<p>I presenti Termini di utilizzo disciplinano l\u2019accesso o l\u2019uso da parte sua, una persona fisica, da qualsiasi paese del mondo (esclusi gli Stati Uniti e i suoi territori e possedimenti, e la Cina continentale) di applicazioni, siti web, contenuti, e servizi messi a disposizione da Spaceadvert.<\/p>\n<h2>SI PREGA DI LEGGERE ATTENTAMENTE QUESTI TERMINI PRIMA DI ACCEDERE O UTILIZZARE I SERVIZI<\/h2>\n<p>L\u2019accesso e l\u2019utilizzo dei Servizi costituisce la sua accettazione ad essere vincolato dai presenti Termini, e con ci\u00f2 si stabilisce un rapporto contrattuale tra lei e Spaceadvert. Qualora non accetti i presenti Termini, non le sar\u00e0 possibile accedere o utilizzare i Servizi. I presenti Termini sostituiscono espressamente qualsiasi precedente accordo o intesa con lei. Spaceadvert pu\u00f2 risolvere immediatamente i presenti Termini o i Servizi da lei fruiti, o in generale cessare l\u2019offerta o negare l\u2019accesso ai Servizi o a parte degli stessi, in qualunque momento e per qualsiasi motivo.<\/p>\n<p>Termini aggiuntivi potrebbero applicarsi a taluni Servizi, quali le politiche per un evento, un\u2019attivit\u00e0 o una promozione particolari, e tali termini aggiuntivi le verranno comunicati in relazione ai Servizi applicabili. I Termini aggiuntivi integrano i Termini e saranno ritenuti parte integrante degli stessi ai fini dei Servizi applicabili. I Termini aggiuntivi prevarranno sui presenti Termini in caso di conflitto rispetto ai Servizi applicabili.<\/p>\n<p>Spaceadvert pu\u00f2 modificare i Termini relativi ai Servizi di volta in volta. Le modifiche entreranno in vigore con la pubblicazione da parte di Spaceadvert di tali Termini aggiornati in questo sito o delle politiche modificate o dei Termini aggiuntivi sui Servizi applicabili. L\u2019accesso o l\u2019uso continuati dei Servizi dopo tale pubblicazione costituisce il suo consenso ad essere vincolato dai Termini, come modificati.<\/p>\n<p>La raccolta e l\u2019utilizzo dei dati personali in relazione ai Servizi \u00e8 conforme a quanto previsto nella Politica sulla privacy di Spaceadvert disponibile all\u2019indirizzo https:\/\/www.spaceadvert.com\/legal.<\/p>\n<h3>2. I Servizi<\/h3>\n<p>I Servizi costituiscono una piattaforma tecnologica che permette ai Fornitori di pubblicare spazi\/servizi pubblicitari e agli utenti di cercare spazi\/servizi pubblicitari disponibili.<br \/>\nLEI RICONOSCE CHE SPACEADVERT NON FORNISCE SERVIZI PROPRI, MA OPERA COME VETTORE DI INTERCOMUNICAZIONE ED ESTRANEO ALLE PARTI. SPACEADVERT NON OPERA CON TERZI FORNITORI. NON VI SONO FORNITORI ALLE DIPENDENZE O COLLABORANTI CON SPECADVERT O DI QUALUNQUE DELLE SUE SOCIET\u00c0 COLLEGATE.<br \/>\nSPACEADVERT OFFRE LA POSSIBILITA AD UN FORNITORE DI PUBBLICARE LA DISPONIBILITA DI UN SERVIZIO\/SPAZIO PUBBLICITARIO.<br \/>\nSPACEADVERT NON SI OCCUPA DI CONTRATTI TRA LE PARTI FORNITORE\/UTENTE E NON SI OCCUPA DEL RISPETTO DELLE LEGGI VIGENTI PER L\u2019UTILIZZO DI SERVIZI\/SPAZI PUBBLICITARI NELLE ZONE DI UTILIZZO DI SERVIZI\/SPAZI PUBBLICITARI.<\/p>\n<h3>Licenza.<\/h3>\n<p>Salvo il rispetto di questi Termini, Spaceadvert le concede una licenza limitata, non esclusiva, non sublicenziabile, revocabile, non trasferibile, per: (i) accedere e utilizzare le Applicazioni sul suo dispositivo personale solo in relazione all\u2019uso dei Servizi; e (ii) accedere e utilizzare qualsiasi contenuto, informazione e materiali correlati che possono essere messi a disposizione tramite i Servizi, in ogni caso solo per un suo uso personale.<br \/>\nTutti i diritti non espressamente attribuiti nel presente accordo, sono espressamente riservati da Spaceadvert e dai concessori di licenza di Spaceadvert.<\/p>\n<h3>Limitazioni.<\/h3>\n<p>All\u2019utente \u00e8 fatto divieto di: (i) rimuovere qualsiasi copyright, marchio commerciale o altri segni distintivi proprietari da qualsiasi parte dei Servizi; (ii) riprodurre, modificare, preparare opere derivate, distribuire, concedere in licenza, locare, vendere, rivendere, trasferire, visualizzare pubblicamente, eseguire pubblicamente, trasmettere, distribuire in streaming, diffondere via etere o altrimenti sfruttare i Servizi ad eccezione di quanto espressamente consentito da Spaceadvert; (iii) decompilare, decodificare o disassemblare i Servizi ad eccezione di quanto consentito dalla legge applicabile; (iv) collegare, duplicare o inquadrare qualsiasi parte dei Servizi; (v) utilizzare o lanciare programmi o script al fine di estrarre, indicizzare, analizzare, o altrimenti ricavare dati da qualsiasi parte dei Servizi o gravare eccessivamente o ostacolare il funzionamento e\/o la funzionalit\u00e0 di qualsiasi aspetto dei Servizi; o (vi) tentare di ottenere un accesso non autorizzato o compromettere qualsiasi aspetto dei Servizi o dei relativi sistemi o reti.<\/p>\n<h3>Fornitura dei Servizi.<\/h3>\n<p>Lei riconosce che porzioni dei Servizi possono essere rese disponibili sotto i vari marchi di Spaceadvert o le opzioni su richiesta associate con i servizi. Lei inoltre riconosce che i Servizi possono essere resi disponibili sotto tali marchi o opzioni su richiesta da parte o in relazione a: (i) alcune delle societ\u00e0 controllate e collegate di Spaceadvert; o (ii) Terzi Fornitori indipendenti, tra cui procacciatori di spazi pubblicitari.<\/p>\n<h3>Servizi e contenuti di terze parti.<\/h3>\n<p>I Servizi possono essere resi disponibili o accessibili in connessione con i servizi e i contenuti di terze parti (compresa la pubblicit\u00e0), che Spaceadvert non controlla. Lei riconosce che al suo utilizzo di tali servizi e contenuti di terze parti potrebbero applicarsi termini di utilizzo e politiche sulla privacy differenti. Spaceadvert non approva tali servizi e contenuti di terze parti e in nessun caso Spaceadvert sar\u00e0 responsabile per i prodotti o i servizi di tali terzi fornitori. Inoltre, Apple Inc., Google, Inc., Microsoft Corporation o BlackBerry Limited e\/o le rispettive controllate e collegate internazionali applicabili saranno terzi beneficiari di questo contratto qualora lei acceda ai Servizi mediante l\u2019utilizzo di Applicazioni sviluppate, rispettivamente, per Apple iOS, Android, Microsoft Windows, o dispositivi mobili Blackberry. Questi terzi beneficiari non sono parti di questo contratto e non sono responsabili per la fornitura o il supporto dei Servizi in alcun modo. Il suo accesso ai Servizi utilizzando questi dispositivi \u00e8 soggetto alle condizioni stabilite nei pertinenti termini d\u2019utilizzo dei terzi beneficiari.<\/p>\n<h3>Propriet\u00e0<\/h3>\n<p>I Servizi e tutti i diritti inerenti sono e rimarranno di propriet\u00e0 di Spaceadvert, o dei rispettivi concessori di licenza. N\u00e9 questi Termini, n\u00e9 il suo utilizzo dei Servizi trasferisce o attribuisce a lei alcun diritto: (i) in relazione ai Servizi, salvo che per la licenza limitata concessa di cui sopra; o (ii) di utilizzare o fare riferimento in qualsivoglia maniera ai nomi della societ\u00e0, loghi, nomi dei prodotti o dei servizi, marchi commerciali, o marchi di servizio di Spaceadvert o quelli dei concessori di licenza di Spaceadvert.<\/p>\n<h3>3. Il suo utilizzo dei Servizi<\/h3>\n<h3>Account utente.<\/h3>\n<p>Per poter utilizzare i Servizi, il Fornitore deve registrarsi e mantenere attivo un account utente personale per i Servizi (\u201cAccount\u201d). L\u2019utente deve avere almeno 18 anni di et\u00e0, o la maggiore et\u00e0 legale nella propria giurisdizione (se diversa dai 18 anni). Per la registrazione dell\u2019account lei deve fornire a Spaceadvert alcune informazioni personali, quali nome, indirizzo, numero di telefono cellulare ed et\u00e0, e almeno un metodo di pagamento valido (una carta di credito o uno strumento di pagamento accettato). Lei si impegna a mantenere informazioni accurate, complete e aggiornate nel suo account. L\u2019eventuale inosservanza dell\u2019impegno di mantenere informazioni dell\u2019Account accurate, complete e aggiornate, compreso il mantenimento in archivio di un metodo di pagamento non valido o scaduto, pu\u00f2 determinare l\u2019impossibilit\u00e0 di accedere e utilizzare i Servizi o la risoluzione da parte di Spaceadvert di questo Contratto con lei. Lei \u00e8 responsabile di tutte le attivit\u00e0 che si verificano sul suo Account, e si impegna a mantenere la sicurezza e la segretezza del proprio nome utente e della password dell\u2019Account in ogni momento.<\/p>\n<h3>Requisiti e condotta dell\u2019utente.<\/h3>\n<p>Il Servizio non \u00e8 disponibile per l\u2019utilizzo da parte di persone minori di 18 anni. Lei non pu\u00f2 autorizzare terze parti a utilizzare il suo Account, e non pu\u00f2 consentire a persone di et\u00e0 inferiore ai 18 anni. Lei non potr\u00e0 cedere o altrimenti trasferire il suo Account a qualsiasi altra persona o entit\u00e0. Lei si impegna a rispettare tutte le leggi applicabili durante l\u2019utilizzo dei Servizi, e utilizzare i Servizi solo per scopi legittimi. Utilizzando i Servizi, lei non causer\u00e0 fastidio, molestie, disagio, o danni alla propriet\u00e0, sia nei confronti degli utenti che di qualsiasi altra parte. In alcuni casi \u00e8 possibile che le venga richiesto di fornire un documento d\u2019identit\u00e0 per accedere o utilizzare i Servizi, e lei riconosce che le pu\u00f2 essere negato l\u2019accesso o l\u2019utilizzo dei Servizi, qualora si rifiuti di fornire un documento d\u2019identit\u00e0.<\/p>\n<h3>Messaggi di testo.<\/h3>\n<p>Con la creazione di un Account, lei accetta che i Servizi potrebbero inviarle messaggi di testo informativi (SMS-email), nel quadro del suo normale utilizzo operativo dei Servizi. Lei pu\u00f2 scegliere di non ricevere i messaggi di testo (SMS-email) da Spaceadvert in qualsiasi momento inviando una e-mail a support@spaceadvert. Lei prende atto che la scelta di non ricevere messaggi di testo (SMS-email) pu\u00f2 influire sull\u2019utilizzo dei Servizi.<\/p>\n<h3>Contenuti forniti dall\u2019Utente.<\/h3>\n<p>Spaceadvert pu\u00f2, a sua esclusiva discrezione, permettere di volta in volta di presentare, caricare, pubblicare o altrimenti rendere disponibili a Spaceadvert tramite i Servizi, contenuti e informazioni testuali, audio, e\/o video, inclusi i commenti e il feedback relativi ai Servizi, la presentazione di richieste di supporto, e la presentazione delle iscrizioni a concorsi e promozioni.<\/p>\n<p>Qualsiasi Contenuto del Fornitore da lei fornito rimane di sua propriet\u00e0. Tuttavia, fornendo i Contenuti del Fornitore a Spaceadvert, lei concede a Spaceadvert una licenza mondiale, perpetua, irrevocabile, trasferibile, esente da royalty, con il diritto di concedere in sublicenza, usare, copiare, modificare, creare opere derivate, distribuire, visualizzare pubblicamente, eseguire pubblicamente, e altrimenti sfruttare in qualsiasi modo tali Contenuti del Fornitore in tutti i formati e i canali di distribuzione noti ora o in futuro (anche in relazione ai Servizi e all\u2019attivit\u00e0 di Spaceadvert e sui siti e servizi di terze parti), senza ulteriore preavviso o consenso da parte sua, e senza obbligo di pagamento a lei o a qualsiasi altra persona o entit\u00e0.<\/p>\n<p>Lei dichiara e garantisce che: (i) lei \u00e8 il proprietario unico ed esclusivo di tutti i Contenuti del Fornitore o dispone di tutti i diritti, le licenze, i consensi e i permessi necessari per concedere a Spaceadvert una licenza per i Contenuti del Fornitore come sopra stabilito; e (ii) n\u00e9 i Contenuti del Fornitore, n\u00e9 la presentazione, il caricamento, la pubblicazione o comunque la messa a disposizione di tali Contenuti del Fornitore da parte sua, n\u00e9 l\u2019uso di Spaceadvert dei Contenuti del Fornitore come qui consentito violeranno, costituiranno appropriazione indebita o lederanno i diritti di propriet\u00e0 intellettuale o i diritti di propriet\u00e0, ovvero i diritti di pubblicit\u00e0 o riservatezza di terze parti, n\u00e9 determineranno la violazione di qualsiasi legge o regolamento applicabili.<\/p>\n<p>Lei accetta di non fornire Contenuti del Fornitore che siano diffamatori, denigratori, odiosi, violenti, osceni, pornografici, illegali, o in altro modo offensivi, come determinato da Spaceadvert a sua esclusiva discrezione, a prescindere dal fatto che tale materiale possa o no essere protetto dalla legge. Spaceadvert pu\u00f2, ma non vi sar\u00e0 obbligato, esaminare, monitorare o rimuovere i Contenuti del Fornitore, ad esclusiva discrezione di Spaceadvert e in qualsiasi momento e per qualsiasi motivo, senza preavviso nei suoi confronti.<\/p>\n<h3>Accesso di rete e dispositivi.<\/h3>\n<p>Lei ha la responsabilit\u00e0 di ottenere l\u2019accesso alla rete dati necessario per utilizzare i Servizi. Le tariffe e i costi per la messaggistica e la trasmissione dati della sua rete mobile potrebbero essere applicabili qualora acceda o utilizzi i Servizi da un dispositivo con connessione wireless e lei sar\u00e0 responsabile di tali tariffe e costi. Lei \u00e8 responsabile per l\u2019acquisizione e l\u2019aggiornamento dell\u2019hardware compatibile o dei dispositivi necessari per accedere e utilizzare i Servizi e le Applicazioni e dei relativi aggiornamenti. Spaceadvert non garantisce che i Servizi, o parte degli stessi, funzioneranno su qualsiasi hardware o dispositivi specifici. Inoltre, i Servizi potrebbero essere soggetti a malfunzionamenti e ritardi relativi all\u2019utilizzo di Internet e di comunicazioni elettroniche.<\/p>\n<h3>4. Pagamento<\/h3>\n<p>Lei riconosce che l\u2019uso dei Servizi pu\u00f2 comportare Addebiti a suo carico per la pubblicazione di spazi\/servizi pubblicitari. Dopo che ha prestato i servizi\/spazi pubblicitari, Spaceadvert non ha nessuna responsabilit\u00e0 sui pagamenti tra i Fornitori e gli utilizzatori di servizi\/spazi pubblicitari. Il pagamento per la pubblicazione di servizi\/spazi pubblicitari \u00e8 comprensivo delle tasse applicabili ove richiesto dalla legge. Gli addebiti da lei saldati sono definitivi e non rimborsabili, se non diversamente stabilito da Spaceadvert.<\/p>\n<h3>Costi di riparazione o di pulizia.<\/h3>\n<p>Spaceadvert non \u00e8 responsabile per il costi di riparazione di eventuali danni o controversie tra Fornitori e utilizzatori di servizi\/spazi pubblicitari<\/p>\n<h3>5. Avvertenze; Limitazione di responsabilit\u00e0; Indennit\u00e0.<\/h3>\n<h3>ESCLUSIONE.<\/h3>\n<p>I SERVIZI SONO FORNITI \u201cCOME SONO\u201d E \u201cCOME DISPONIBILI\u201d. SPACEADVERT ESCLUDE TUTTE LE DICHIARAZIONI E GARANZIE, ESPRESSE, IMPLICITE O DI LEGGE, NON ESPRESSAMENTE SANCITE IN QUESTI TERMINI, INCLUSE LE GARANZIE IMPLICITE DI COMMERCIABILIT\u00c0, IDONEIT\u00c0 PER UN PARTICOLARE SCOPO E DI NON VIOLAZIONE. INOLTRE, SPECEADVERT NON RILASCIA ALCUNA DICHIARAZIONE, GARANZIA O ASSICURAZIONE CIRCA L\u2019AFFIDABILIT\u00c0, TEMPESTIVIT\u00c0, QUALIT\u00c0, IDONEIT\u00c0 O DISPONIBILIT\u00c0 DEI SERVIZI, O DEI SERVIZI O BENI RICHIESTI TRAMITE L\u2019USO DEI SERVIZI, O CHE I SERVIZI SARANNO SENZA INTERRUZIONI O SENZA ERRORI. SPACEADVERT NON GARANTISCE LA QUALIT\u00c0, L\u2019ADEGUATEZZA, LA SICUREZZA O LA CAPACIT\u00c0 DEI FORNITORI O UTENTI DI SPACEADVERT. LEI CONVIENE CHE L\u2019INTERO RISCHIO DERIVANTE DAL SUO USO DEI SERVIZI, E DI QUALSIASI SERVIZIO O BENE RICHIESTO IN CONNESSIONE AD ESSI, RESTA ESCLUSIVAMENTE A SUO CARICO, NELLA MISURA IN CUI QUESTO SIA PERMESSO DALLA LEGGE APPLICABILE.<\/p>\n<h3>LIMITAZIONE DI RESPONSABILIT\u00c0.<\/h3>\n<p>SPACEADVERT NON SAR\u00c0 RESPONSABILE PER EVENTUALI DANNI INDIRETTI, INCIDENTALI, SPECIALI, ESEMPLARI, PUNITIVI, O CONSEQUENZIALI, INCLUSA LA PERDITA DI UTILI, LA PERDITA DI DATI, LE LESIONI PERSONALI, O IL DANNO ALLA PROPRIET\u00c0, IN RELAZIONE O IN CONNESSIONE O ALTRIMENTI DERIVANTI DALL\u2019USO DEI SERVIZI, ANCHE QUALORA SPACEADVERT SIA STATA INFORMATA DELLA POSSIBILIT\u00c0 DI TALI DANNI. SPACEADVERT NON SAR\u00c0 RESPONSABILE PER EVENTUALI DANNI, RESPONSABILIT\u00c0 O PERDITE DERIVANTI DA: (i) L\u2019USO O L\u2019AFFIDAMENTO SUI SERVIZI O L\u2019INCAPACIT\u00c0 DI ACCEDERE O UTILIZZARE I SERVIZI; O (ii) QUALSIASI TRANSAZIONE O RAPPORTO TRA LEI E QUALSIASI UTENTE DI SPACEADVERT, ANCHE SE SPACEADVERT SIA STATO INFORMATO DELLA POSSIBILIT\u00c0 DI TALI DANNI. SPACEADVERT NON SAR\u00c0 RESPONSABILE PER IL RITARDO O LA MANCATA ESECUZIONE DERIVANTI DA CAUSE CHE SONO AL DI FUORI DEL RAGIONEVOLE CONTROLLO DI SPACEADVERT.<\/p>\n<p>I SERVIZI DI SPACEADVERT POSSONO ESSERE UTILIZZATI DA LEI PER RICHIEDERE E PROGRAMMARE, SERVIZI PER BENI E SERVIZI CON TERZI FORNITORI O UTENTI DI SPACEADVERT, TUTTAVIA LEI RICONOSCE CHE SPACEADVERT NON HA ALCUNA RESPONSABILIT\u00c0 NEI SUOI CONFRONTI IN RELAZIONE A SERVIZI E BENI FORNITI DA LEI A TERZI FORNITORI O UTENTI DI SPACEADVERT AL DI FUORI DI QUANTO ESPRESSAMENTE CONTEMPLATO NEI PRESENTI TERMINI.<\/p>\n<p>LE LIMITAZIONI E L\u2019ESCLUSIONE DI GARANZIA IN QUESTA SEZIONE 5 NON INTENDONO LIMITARE LA RESPONSABILIT\u00c0 O MODIFICARE I SUOI DIRITTI QUALE CONSUMATORE CHE NON POSSONO ESSERE ESCLUSI DALLA LEGGE APPLICABILE.<\/p>\n<h3>Indennizzo<\/h3>\n<p>Lei accetta di indennizzare e tenere Spaceadvert e suoi funzionari, direttori, dipendenti e agenti indenni da qualsiasi e ogni rivendicazione, richiesta, perdite, passivit\u00e0, e spesa (comprese le spese legali) derivanti da o in relazione a: (i) l\u2019utilizzo dei Servizi o i servizi o i beni ottenuti tramite il suo utilizzo dei Servizi; (ii) la violazione da parte sua di uno di questi Termini; (iii) l\u2019utilizzo da parte di Spaceadvert dei Contenuti dell\u2019Utente; o (iv) la violazione dei diritti di terze parti.<\/p>\n<h3>6. Legislazione vigente; arbitrato.<\/h3>\n<p>Fatto salvo quanto diversamente stabilito nei presenti Termini, i presenti Termini saranno sottoposti e interpretati esclusivamente in conformit\u00e0 con le leggi italiane, escluse le sue norme in materia di conflitti di legge. La Convenzione di Vienna sulla vendita internazionale di merci (Convention on the International Sale of Goods, CISG) del 1980 non sar\u00e0 applicabile. Eventuali vertenze, conflitti, pretese o controversie derivanti o correlati in senso ampio ai Servizi o ai presenti Termini, compresi quelli relativi alla sua validit\u00e0, interpretazione o applicabilit\u00e0, saranno previamente sottoposti obbligatoriamente alle procedure di mediazione ai sensi delle Regole sulla mediazione della Camera di commercio internazionale (\u201cICC Mediation Rules\u201d). Qualora le suddette Vertenze non siano composte entro sessanta (60) giorni dall\u2019inoltro di una richiesta di Risoluzione amichevole delle vertenze ai sensi delle suddette ICC Mediation Rules, le stesse saranno risolte in modo esclusivo e finale in base ad arbitrato ai sensi delle Regole dell\u2019arbitrato della Camera di commercio internazionale (\u201cRegole di arbitrato ICC\u201d). Sono escluse le disposizioni dell\u2019arbitro di emergenza delle Regole ICC. Le Vertenze saranno risolte da un (1) arbitro da nominare in conformit\u00e0 con le Regole ICC. La sede della mediazione e dell\u2019arbitrato sar\u00e0 Milano, Italia, fatti salvi eventuali diritti che lei pu\u00f2 avere ai sensi dell\u2019Articolo 18 del Regolamento di Bruxelles I bis (GU UE 2012 L351\/1). La lingua della mediazione e\/o dell\u2019arbitrato sar\u00e0 l\u2019inglese, salvo qualora lei non parli l\u2019inglese, nel qual caso la mediazione e\/o l\u2019arbitrato si svolger\u00e0 in inglese e nella sua lingua madre. L\u2019esistenza e il contenuto del procedimento di mediazione e arbitrato, inclusi i documenti e le memorie sottoposti dalle parti, la corrispondenza da e per l\u2019International Chamber of Commerce, la corrispondenza dal mediatore, e la corrispondenza, ordinanze e sentenze emesse dall\u2019arbitro, rimarranno strettamente riservati e non potranno essere divulgati a terzi senza l\u2019espresso consenso scritto dell\u2019altra parte salvo che: (i) la divulgazione a terzi sia ragionevolmente necessaria nell\u2019ottica dell\u2019espletamento del procedimento di mediazione o arbitrato; e (ii) il terzo accetti incondizionatamente per iscritto di essere vincolato dall\u2019obbligo di riservatezza quivi stipulato.<\/p>\n<h3>7. Altre disposizioni<\/h3>\n<h3>Denunzie di violazione di Copyright.<\/h3>\n<p>Le segnalazioni di violazione del copyright devono essere inviate all\u2019agente designato di Spaceadvert. Visitare la pagina web di Spaceadvert all\u2019indirizzo https:\/\/www.spaceadvert.com\/legal per l\u2019indirizzo designato e informazioni aggiuntive.<\/p>\n<h3>Notifica.<\/h3>\n<p>Spaceadvert pu\u00f2 inviare notifica mediante un avviso generale sui Servizi, per posta elettronica all\u2019indirizzo e-mail nel suo Account. Lei pu\u00f2 inviare notifica a Spaceadvert mediante comunicazione scritta all\u2019indirizzo di e-mail di Spaceadvert, support@spaceadvert.com.<\/p>\n<h3>Disposizioni generali.<\/h3>\n<p>Lei non potr\u00e0 cedere o trasferire i presenti Termini in tutto o in parte, senza il previo consenso scritto di Spaceadvert. Lei presta il suo consenso a Spaceadvert affinch\u00e9 lo stesso possa cedere o trasferire i presenti Termini in tutto o in parte, incluso a: (i) una societ\u00e0 controllata o collegata; (ii) un acquirente del capitale, dell\u2019attivit\u00e0 o dei cespiti di Spaceadvert; o (iii) un successore in seguito a fusione. Nessun rapporto di joint venture, partnership, dipendenza, o agenzia esiste tra lei, Spaceadvert e qualsiasi Terzo Fornitore o Utente di Spaceadvert a seguito del presente contratto tra lei e Spaceadvert o all\u2019uso dei Servizi.<\/p>\n<p>Se una qualsiasi disposizione di questi Termini dovesse essere ritenuta illegale, invalida o non applicabile, in tutto o in parte, ai sensi di qualsivoglia legge, tale disposizione o parte di essa, nella misura dovuta, dovr\u00e0 ritenersi non formare parte dei presenti Termini, ma la legalit\u00e0, validit\u00e0 e applicabilit\u00e0 delle altre disposizioni dei presenti Termini non potr\u00e0 essere ritenuta inefficace o viziata. In tal caso, le parti sostituiranno la disposizione illegale, invalida o non applicabile, o parte di essa, con una disposizione, o parte di essa, legale, valida e applicabile che abbia, nella misura massima possibile, un\u2019efficacia simile a quella della disposizione (o parte di essa) ritenuta illegale, invalida o non applicabile, considerati i contenuti e le finalit\u00e0 dei presenti Termini. I presenti Termini costituiscono l\u2019intero Contratto e intesa delle parti con riferimento al suo oggetto e succedono e sostituiscono e derogano a tutti gli accordi o gli impegni precedenti o contemporanei, relativi al medesimo oggetto. Nei presenti Termini, le parole \u201cincluso\u201d e \u201cincludere\u201d indicano \u201cincluso, ma non limitatamente a\u201d.<\/p>\n","protected":false},"excerpt":{"rendered":"TERMINI E CONDIZIONI 1. Rapporto contrattuale I presenti Termini di utilizzo disciplinano l\u2019accesso o l\u2019uso da parte sua, una persona fisica, da qualsiasi paese del mondo (esclusi gli Stati Uniti e i suoi territori e possedimenti, e la Cina continentale) di applicazioni, siti web, contenuti, e servizi messi a disposizione da Spaceadvert. SI PREGA DI&#8230; <a class=\"view-article\" href=\"https:\/\/spaceadvert.com\/site\/condizioni\/\">Mostra articolo<\/a>","protected":false},"author":1,"featured_media":0,"parent":0,"menu_order":0,"comment_status":"closed","ping_status":"closed","template":"","meta":[],"acf":[],"_links":{"self":[{"href":"https:\/\/spaceadvert.com\/site\/wp-json\/wp\/v2\/pages\/82"}],"collection":[{"href":"https:\/\/spaceadvert.com\/site\/wp-json\/wp\/v2\/pages"}],"about":[{"href":"https:\/\/spaceadvert.com\/site\/wp-json\/wp\/v2\/types\/page"}],"author":[{"embeddable":true,"href":"https:\/\/spaceadvert.com\/site\/wp-json\/wp\/v2\/users\/1"}],"replies":[{"embeddable":true,"href":"https:\/\/spaceadvert.com\/site\/wp-json\/wp\/v2\/comments?post=82"}],"version-history":[{"count":4,"href":"https:\/\/spaceadvert.com\/site\/wp-json\/wp\/v2\/pages\/82\/revisions"}],"predecessor-version":[{"id":161,"href":"https:\/\/spaceadvert.com\/site\/wp-json\/wp\/v2\/pages\/82\/revisions\/161"}],"wp:attachment":[{"href":"https:\/\/spaceadvert.com\/site\/wp-json\/wp\/v2\/media?parent=82"}],"curies":[{"name":"wp","href":"https:\/\/api.w.org\/{rel}","templated":true}]}}